{"id":39,"date":"2023-02-24T16:23:17","date_gmt":"2023-02-24T15:23:17","guid":{"rendered":"https:\/\/judo-kg-norden.de\/?page_id=39"},"modified":"2024-03-09T18:45:07","modified_gmt":"2024-03-09T17:45:07","slug":"__trashed","status":"publish","type":"page","link":"https:\/\/judo-kg-norden.de\/?page_id=39","title":{"rendered":"Impressum"},"content":{"rendered":"<p>Verantwortlich f\u00fcr den Inhalt und Gestaltung soweit nicht anders angegeben:<\/p>\n<p>Judo-Kampfgemeinschaft-Norden e.V.<\/p>\n<p><strong>Anschrift Verwaltung:<\/strong> Gartenstr. 1 &#8211; 26506 Norden &#8211; Tel: 04931 16175<\/p>\n<p><strong>Email:<\/strong> info(at)judo-kg-norden.de<\/p>\n<p><strong>Allgemeiner Haftungsausschluss:<\/strong><\/p>\n<p>Bei der Auswahl der angebotenen Informationen wurde sorgf\u00e4ltig recherchiert und gepr\u00fcft. Sollten falsche Informationen enthalten sein, schlie\u00dft die JKG-Norden jegliche Haftung daf\u00fcr bzw. f\u00fcr dadurch entstandene Sch\u00e4den aus. Ein Hinweis auf den Fehler w\u00e4re jedoch sehr hilfreich, um diesen so schnell wie m\u00f6glich korrigieren zu k\u00f6nnen. F\u00fcr Informationen auf verbundenen Seiten anderer Anbieter von Internetseiten \u00fcbernimmt die JKG-Norden keine Verantwortung, unabh\u00e4ngig davon, ob auf diese lediglich hingewiesen wird, ob sie durch einen Link oder auch durch einen Frame eingebunden sind. Zur rechtlichen Absicherung distanziert sich die JKG-Norden von allen Inhalten aller verlinkten oder verbundenen Internet-Angebote auf der gesamten Website www.judo-kg-norden.de inkl. aller Subsites sowie der Suchfunktion. Diese Erkl\u00e4rung gilt f\u00fcr alle auf dieser Seite eingebauten Links und f\u00fcr alle Inhalte der Seiten, zu denen Links oder Banner f\u00fchren.<\/p>\n<p><strong>Verantwortlich f\u00fcr den Inhalt und Gestaltung soweit nicht anders angegeben:<\/strong><\/p>\n<p>(V.i.s.d.P.) Axel Friederich (Vorsitzender der JKG Norden e.V.)<br \/>\nAnschrift Verwaltung: Gartenstr. 1 &#8211; 26506 Norden &#8211; Tel: 04931-16175&nbsp;<br \/>\nEmail: info(at)judo-kg-norden.de<\/p>\n<p><strong>Vereinsregister:<\/strong> Amtsgericht Norden, Reg-Nr. 441<\/p>\n","protected":false},"excerpt":{"rendered":"<p>Verantwortlich f\u00fcr den Inhalt und Gestaltung soweit nicht anders angegeben: Judo-Kampfgemeinschaft-Norden e.V. Anschrift Verwaltung: Gartenstr. 1 &#8211; 26506 Norden &#8211; Tel: 04931 16175 Email: info(at)judo-kg-norden.de Allgemeiner Haftungsausschluss: Bei der Auswahl der angebotenen Informationen wurde sorgf\u00e4ltig recherchiert und gepr\u00fcft. Sollten falsche &hellip; <a href=\"https:\/\/judo-kg-norden.de\/?page_id=39\">Weiterlesen <span class=\"meta-nav\">&rarr;<\/span><\/a><\/p>\n","protected":false},"author":1,"featured_media":0,"parent":0,"menu_order":0,"comment_status":"closed","ping_status":"closed","template":"","meta":{"ngg_post_thumbnail":0,"_EventAllDay":false,"_EventTimezone":"","_EventStartDate":"","_EventEndDate":"","_EventStartDateUTC":"","_EventEndDateUTC":"","_EventShowMap":false,"_EventShowMapLink":false,"_EventURL":"","_EventCost":"","_EventCostDescription":"","_EventCurrencySymbol":"","_EventCurrencyCode":"","_EventCurrencyPosition":"","_EventDateTimeSeparator":"","_EventTimeRangeSeparator":"","_EventOrganizerID":[],"_EventVenueID":[],"_OrganizerEmail":"","_OrganizerPhone":"","_OrganizerWebsite":"","_VenueAddress":"","_VenueCity":"","_VenueCountry":"","_VenueProvince":"","_VenueState":"","_VenueZip":"","_VenuePhone":"","_VenueURL":"","_VenueStateProvince":"","_VenueLat":"","_VenueLng":"","_VenueShowMap":false,"_VenueShowMapLink":false,"_mc_calendar":[],"footnotes":""},"class_list":["post-39","page","type-page","status-publish","hentry"],"jetpack_sharing_enabled":true,"_links":{"self":[{"href":"https:\/\/judo-kg-norden.de\/index.php?rest_route=\/wp\/v2\/pages\/39","targetHints":{"allow":["GET"]}}],"collection":[{"href":"https:\/\/judo-kg-norden.de\/index.php?rest_route=\/wp\/v2\/pages"}],"about":[{"href":"https:\/\/judo-kg-norden.de\/index.php?rest_route=\/wp\/v2\/types\/page"}],"author":[{"embeddable":true,"href":"https:\/\/judo-kg-norden.de\/index.php?rest_route=\/wp\/v2\/users\/1"}],"replies":[{"embeddable":true,"href":"https:\/\/judo-kg-norden.de\/index.php?rest_route=%2Fwp%2Fv2%2Fcomments&post=39"}],"version-history":[{"count":4,"href":"https:\/\/judo-kg-norden.de\/index.php?rest_route=\/wp\/v2\/pages\/39\/revisions"}],"predecessor-version":[{"id":976,"href":"https:\/\/judo-kg-norden.de\/index.php?rest_route=\/wp\/v2\/pages\/39\/revisions\/976"}],"wp:attachment":[{"href":"https:\/\/judo-kg-norden.de\/index.php?rest_route=%2Fwp%2Fv2%2Fmedia&parent=39"}],"curies":[{"name":"wp","href":"https:\/\/api.w.org\/{rel}","templated":true}]}}